{"id":612,"date":"2023-02-14T14:10:36","date_gmt":"2023-02-14T14:10:36","guid":{"rendered":"https:\/\/www.standwithukraineeurope.com\/privacy-policy\/"},"modified":"2023-03-20T08:45:36","modified_gmt":"2023-03-20T08:45:36","slug":"privacy-policy","status":"publish","type":"page","link":"https:\/\/www.standwithukraineeurope.com\/en\/privacy-policy\/","title":{"rendered":"Privacy Policy"},"content":{"rendered":"<h2><b>Qui sommes-nous ?<\/b><\/h2>\n<p><span style=\"font-weight: 400;\">L\u2019adresse de notre site est : www.standwithukraineeurope.com<\/span><\/p>\n<h2><b>Mentions l\u00e9gales<\/b><\/h2>\n<p><span style=\"font-weight: 400;\">Stand with Ukraine<\/span><\/p>\n<p><i><span style=\"font-weight: 400;\">Association loi 1901<\/span><\/i><\/p>\n<p><span style=\"font-weight: 400;\">5 Bis rue du Louvre<\/span><\/p>\n<p><span style=\"font-weight: 400;\">Maison de la Vie Associative et Citoyenne (MVAC)<\/span><\/p>\n<p><span style=\"font-weight: 400;\">75001 Paris<\/span><\/p>\n<p><a href=\"mailto:edward@standwithukraineeurope.com\"><span style=\"font-weight: 400;\">edward@standwithukraineeurope.com<\/span><\/a><\/p>\n<h2><b>Creation du site :\u00a0<\/b><\/h2>\n<p><span style=\"font-weight: 400;\">UX\/UI design : Bloomsters<\/span><\/p>\n<p><span style=\"font-weight: 400;\">Developpement : Webgorilla<\/span><\/p>\n<h2><b>H\u00e9bergeur<\/b><\/h2>\n<p><span style=\"font-weight: 400;\">Soci\u00e9t\u00e9 Ionos<\/span><\/p>\n<p><span style=\"font-weight: 400;\">7, place de la Gare<\/span><\/p>\n<p><span style=\"font-weight: 400;\">BP 70109<\/span><\/p>\n<p><span style=\"font-weight: 400;\">57201 Sarreguemines Cedex<\/span><\/p>\n<h2><b>Le but de cette politique de confidentialit\u00e9<\/b><\/h2>\n<p><span style=\"font-weight: 400;\">Le but de cette politique de confidentialit\u00e9 est d&#8217;informer les utilisateurs de notre site des donn\u00e9es personnelles que nous recueillerons ainsi que les informations suivantes, le cas \u00e9ch\u00e9ant :<\/span><\/p>\n<ul>\n<li style=\"font-weight: 400;\" aria-level=\"1\"><span style=\"font-weight: 400;\">Les donn\u00e9es personnelles que nous recueillerons<\/span><\/li>\n<li style=\"font-weight: 400;\" aria-level=\"1\"><span style=\"font-weight: 400;\">L&#8217;utilisation des donn\u00e9es recueillies<\/span><\/li>\n<li style=\"font-weight: 400;\" aria-level=\"1\"><span style=\"font-weight: 400;\">Qui a acc\u00e8s aux donn\u00e9es recueillies<\/span><\/li>\n<li style=\"font-weight: 400;\" aria-level=\"1\"><span style=\"font-weight: 400;\">Les droits des utilisateurs du site<\/span><\/li>\n<li style=\"font-weight: 400;\" aria-level=\"1\"><span style=\"font-weight: 400;\">La politique de cookies du site<\/span><\/li>\n<\/ul>\n<p><span style=\"font-weight: 400;\">Cette politique de confidentialit\u00e9 fonctionne parall\u00e8lement aux conditions g\u00e9n\u00e9rales d&#8217;utilisation de notre site.<\/span><\/p>\n<h2><b>Lois applicables<\/b><\/h2>\n<p><span style=\"font-weight: 400;\">Tout visiteur du site www.standwithukraineeurope.com est consid\u00e9r\u00e9 comme acceptant l\u2019application des lois fran\u00e7aises.<\/span><\/p>\n<p><span style=\"font-weight: 400;\">Conform\u00e9ment au R\u00e8glement g\u00e9n\u00e9ral sur la protection des donn\u00e9es (RGPD), cette politique de confidentialit\u00e9 est conforme aux r\u00e8glements suivants.<\/span><\/p>\n<p><span style=\"font-weight: 400;\">Les donn\u00e9es \u00e0 caract\u00e8re personnel doivent \u00eatre :<\/span><\/p>\n<ul>\n<li style=\"font-weight: 400;\" aria-level=\"1\"><span style=\"font-weight: 400;\">Trait\u00e9es de mani\u00e8re licite, loyale et transparente au regard de la personne concern\u00e9e (lic\u00e9it\u00e9, loyaut\u00e9, transparence) ;<\/span><\/li>\n<li style=\"font-weight: 400;\" aria-level=\"1\"><span style=\"font-weight: 400;\">Collect\u00e9es pour des finalit\u00e9s d\u00e9termin\u00e9es, explicites et l\u00e9gitimes, et ne pas \u00eatre trait\u00e9es ult\u00e9rieurement d&#8217;une mani\u00e8re incompatible avec ces finalit\u00e9s; le traitement ult\u00e9rieur \u00e0 des fins archivistiques dans l&#8217;int\u00e9r\u00eat public, \u00e0 des fms de recherche scientifique ou historique ou \u00e0 des fins statistiques n&#8217;est pas consid\u00e9r\u00e9, conform\u00e9ment \u00e0 l&#8217;article 89, paragraphe 1, comme incompatible avec les finalit\u00e9s initiales (limitation des finalit\u00e9s);<\/span><\/li>\n<li style=\"font-weight: 400;\" aria-level=\"1\"><span style=\"font-weight: 400;\">Ad\u00e9quates, pertinentes et limit\u00e9es \u00e0 ce qui est n\u00e9cessaire au regard des finalit\u00e9s pour lesquelles elles sont trait\u00e9es (minimisation des donn\u00e9es);<\/span><\/li>\n<li style=\"font-weight: 400;\" aria-level=\"1\"><span style=\"font-weight: 400;\">Exactes et, si n\u00e9cessaire, tenues \u00e0 jour; toutes les mesures raisonnables doivent \u00eatre prises pour que les donn\u00e9es \u00e0 caract\u00e8re personnel qui sont inexactes, eu \u00e9gard aux finalit\u00e9s pour lesquelles elles sont trait\u00e9es, soient effac\u00e9es ou rectifi\u00e9es sans tarder (exactitude) ;<\/span><\/li>\n<li style=\"font-weight: 400;\" aria-level=\"1\"><span style=\"font-weight: 400;\">Conserv\u00e9es sous une forme permettant l&#8217;identification des personnes concern\u00e9es pendant une dur\u00e9e n&#8217;exc\u00e9dant pas celle n\u00e9cessaire au regard des finalit\u00e9s pour lesquelles elles sont trait\u00e9es; les donn\u00e9es \u00e0 caract\u00e8re personnel peuvent \u00eatre conserv\u00e9es pour des dur\u00e9es plus longues dans la mesure o\u00f9 elles seront trait\u00e9es exclusivement \u00e0 des fins archivistiques dans l&#8217;int\u00e9r\u00eat public, \u00e0 des fins de recherche scientifique ou historique ou \u00e0 des fins statistiques conform\u00e9ment \u00e0 l&#8217;article 89, paragraphe 1, pour autant que soient mises en \u0153une les mesures techniques et organisationnelles appropri\u00e9es requises par le r\u00e8glement afin de garantir les droits et les libert\u00e9s de la personne concern\u00e9 (limitation de la conservation) ;<\/span><\/li>\n<li style=\"font-weight: 400;\" aria-level=\"1\"><span style=\"font-weight: 400;\">Trait\u00e9es de fa\u00e7on \u00e0 garantir une s\u00e9curit\u00e9 appropri\u00e9e des donn\u00e9es \u00e0 caract\u00e8re personnel, y compris la protection contre le traitement non autoris\u00e9 ou illicite et contre la perte, la destruction ou les d\u00e9g\u00e2ts d&#8217;origine accidentelle, \u00e0 l&#8217;aide de mesures techniques ou organisationnelles appropri\u00e9es (int\u00e9grit\u00e9 et confidentialit\u00e9).<\/span><\/li>\n<li style=\"font-weight: 400;\" aria-level=\"1\"><span style=\"font-weight: 400;\">Le traitement n&#8217;est licite que si, et dans la mesure o\u00f9, au moins une des conditions suivantes est remplie ;<\/span><\/li>\n<li style=\"font-weight: 400;\" aria-level=\"1\"><span style=\"font-weight: 400;\">La personne concern\u00e9e a consenti au traitement de ses donn\u00e9es \u00e0 caract\u00e8re personnel pour une ou plusieurs finalit\u00e9s sp\u00e9cifiques ;<\/span><\/li>\n<li style=\"font-weight: 400;\" aria-level=\"1\"><span style=\"font-weight: 400;\">Le traitement est n\u00e9cessaire \u00e0 l&#8217;ex\u00e9cution d&#8217;un contrat auquel la personne concern\u00e9e est partie ou \u00e0 l&#8217;ex\u00e9cution de mesures pr\u00e9contractuelles prises \u00e0 la demande de celle-ci ;<\/span><\/li>\n<li style=\"font-weight: 400;\" aria-level=\"1\"><span style=\"font-weight: 400;\">Le traitement est n\u00e9cessaire au respect d&#8217;une obligation l\u00e9gale \u00e0 laquelle le responsable du traitement est soumis ;<\/span><\/li>\n<li style=\"font-weight: 400;\" aria-level=\"1\"><span style=\"font-weight: 400;\">Le traitement est n\u00e9cessaire \u00e0 la sauvegarde des int\u00e9r\u00eats vitaux. de la personne concern\u00e9e ou d&#8217;une autre personne physique ;<\/span><\/li>\n<li style=\"font-weight: 400;\" aria-level=\"1\"><span style=\"font-weight: 400;\">Le traitement est n\u00e9cessaire \u00e0 l&#8217;ex\u00e9cution d&#8217;une mission d&#8217;int\u00e9r\u00eat public ou relevant de l&#8217;exercice de l&#8217;autorit\u00e9 publique dont est investi le responsable du traitement ;<\/span><\/li>\n<li style=\"font-weight: 400;\" aria-level=\"1\"><span style=\"font-weight: 400;\">Le traitement est n\u00e9cessaire aux fins des int\u00e9r\u00eats l\u00e9gitimes poursuivis par le responsable du traitement ou par un tiers, \u00e0 moins que ne pr\u00e9valent les int\u00e9r\u00eats ou les libert\u00e9s et droits fondamentaux de la personne concern\u00e9e qui exigent une protection des donn\u00e9es \u00e0 caract\u00e8re personnel, notamment lorsque la personne concern\u00e9e est un enfant.<\/span><\/li>\n<\/ul>\n<h2><b>Consentement<\/b><\/h2>\n<p><span style=\"font-weight: 400;\">Les utilisateurs conviennent qu&#8217;en utilisant notre site, ils consentent \u00e0 :<\/span><\/p>\n<ul>\n<li style=\"font-weight: 400;\" aria-level=\"1\"><span style=\"font-weight: 400;\">Les conditions \u00e9nonc\u00e9es dans la pr\u00e9sente politique de confidentialit\u00e9<\/span><\/li>\n<li style=\"font-weight: 400;\" aria-level=\"1\"><span style=\"font-weight: 400;\">La collecte, l&#8217;utilisation et la conservation des donn\u00e9es \u00e9num\u00e9r\u00e9es clans la pr\u00e9sente politique.<\/span><\/li>\n<\/ul>\n<p><span style=\"font-weight: 400;\">Nous ne collectons aucune donn\u00e9e automatiquement sur notre site.<\/span><\/p>\n<p><span style=\"font-weight: 400;\">Nous pouvons \u00e9galement collecter les donn\u00e9es suivantes lorsque vous effectuez certaines fonctions sur notre site :<\/span><\/p>\n<ul>\n<li style=\"font-weight: 400;\" aria-level=\"1\"><span style=\"font-weight: 400;\">Pr\u00e9nom et nom<\/span><\/li>\n<li style=\"font-weight: 400;\" aria-level=\"1\"><span style=\"font-weight: 400;\">Email<\/span><\/li>\n<li style=\"font-weight: 400;\" aria-level=\"1\"><span style=\"font-weight: 400;\">Parti Politique\/Circonscription<\/span><\/li>\n<\/ul>\n<p><span style=\"font-weight: 400;\">Ces donn\u00e9es peuvent \u00eatre recueillies au moyen des m\u00e9thodes suivantes :<\/span><\/p>\n<h2><b>Remplissage d&#8217;un formulaire<\/b><\/h2>\n<p><span style=\"font-weight: 400;\">Veuillez noter que nous ne collectons que les donn\u00e9es qui nous aident \u00e0 atteindre l&#8217;objectif \u00e9nonc\u00e9 dans cette politique de confidentialit\u00e9. Nous ne recueillerons pas de donn\u00e9es suppl\u00e9mentaires sans vous en informer au pr\u00e9alable.<\/span><\/p>\n<h2><b>Comment nous utilisons les donn\u00e9es personnelles ?<\/b><\/h2>\n<p><span style=\"font-weight: 400;\">Les donn\u00e9es personnelles recueillies sur notre site seront utilis\u00e9es uniquement aux fins pr\u00e9cis\u00e9es dans la pr\u00e9sente politique ou indiqu\u00e9es sur les pages pertinentes de notre site. Nous n&#8217;utiliserons pas vos donn\u00e9es au-del\u00e0 de ce que nous divulguerons.<\/span><\/p>\n<p><span style=\"font-weight: 400;\">Les donn\u00e9es que nous recueillons lorsque l&#8217;utilisateur ex\u00e9cute certaines fonctions peuvent \u00eatre utilis\u00e9es aux fins suivantes :<\/span><\/p>\n<ul>\n<li style=\"font-weight: 400;\" aria-level=\"1\"><span style=\"font-weight: 400;\">Utilisation personnel<\/span><\/li>\n<li style=\"font-weight: 400;\" aria-level=\"1\"><span style=\"font-weight: 400;\">Avec qui nous partageons les donn\u00e9es personnelles<\/span><\/li>\n<li style=\"font-weight: 400;\" aria-level=\"1\"><span style=\"font-weight: 400;\">Employ\u00e9s<\/span><\/li>\n<\/ul>\n<p><span style=\"font-weight: 400;\">Nous pouvons divulguer \u00e0 tout membre de notre organisation les donn\u00e9es utilisateur dont il a raisonnablement besoin pour r\u00e9aliser les objectifs \u00e9nonc\u00e9s dans la pr\u00e9sente politique.<\/span><\/p>\n<h2><b>Tierces parties<\/b><\/h2>\n<p><span style=\"font-weight: 400;\">Nous pouvons partager les donn\u00e9es utilisateur avec les tiers suivants :<\/span><\/p>\n<p><span style=\"font-weight: 400;\">Agence de communication\/Web d\u00e9veloppement<\/span><\/p>\n<p><span style=\"font-weight: 400;\">Nous pouvons partager les donn\u00e9es utilisateur avec des tiers aux fins suivantes :<\/span><\/p>\n<ul>\n<li style=\"font-weight: 400;\" aria-level=\"1\"><span style=\"font-weight: 400;\">Age<\/span><\/li>\n<li style=\"font-weight: 400;\" aria-level=\"1\"><span style=\"font-weight: 400;\">Parti Politique\/Circonscriptions<\/span><\/li>\n<li style=\"font-weight: 400;\" aria-level=\"1\"><span style=\"font-weight: 400;\">Adresse e-mail<\/span><\/li>\n<\/ul>\n<p><span style=\"font-weight: 400;\">Les tiers ne seront pas en mesure d&#8217;acc\u00e9der aux donn\u00e9es des utilisateurs au-del\u00e0 de ce qui est raisonnablement n\u00e9cessaire pour atteindre l&#8217;objectif donn\u00e9.<\/span><\/p>\n<p><span style=\"text-decoration: underline;\"><span style=\"font-weight: 400;\">Autres divulgations<\/span><\/span><\/p>\n<p><span style=\"font-weight: 400;\">Nous nous engageons \u00e0 ne pas vendre ou partager vos donn\u00e9es avec d&#8217;autres tiers, sauf dans les cas suivants :<\/span><\/p>\n<ul>\n<li style=\"font-weight: 400;\" aria-level=\"1\"><span style=\"font-weight: 400;\">Si la loi l&#8217;exige<\/span><\/li>\n<li style=\"font-weight: 400;\" aria-level=\"1\"><span style=\"font-weight: 400;\">Si elle est requise pour toute proc\u00e9dure judiciaire<\/span><\/li>\n<li style=\"font-weight: 400;\" aria-level=\"1\"><span style=\"font-weight: 400;\">Pour prot\u00e9ger ou prot\u00e9ger nos droits l\u00e9gaux<\/span><\/li>\n<li style=\"font-weight: 400;\" aria-level=\"1\"><span style=\"font-weight: 400;\">A des acheteurs ou des acheteurs potentiels de cette soci\u00e9t\u00e9 dans le cas o\u00f9 nous cherchons \u00e0 la vendre la soci\u00e9t\u00e9<\/span><\/li>\n<\/ul>\n<p><span style=\"font-weight: 400;\">Si vous suivez des hyperliens de notre site vers un autre site, veuillez noter que nous ne sommes pas responsables et n&#8217;avons pas de contr\u00f4le sur leurs politiques et pratiques de confidentialit\u00e9.<\/span><\/p>\n<h2><b>Combien de temps nous stockons les donn\u00e9es personnelles ?<\/b><\/h2>\n<p><span style=\"font-weight: 400;\">Les donn\u00e9es des utilisateurs seront concern\u00e9es pour une dur\u00e9e de : 1 an Nous veillerons \u00e0 ce que les utilisateurs soient avis\u00e9s si leurs donn\u00e9es sont conserv\u00e9es plus longtemps que cette dur\u00e9e.<\/span><\/p>\n<h2><b>Comment nous prot\u00e9geons vos donn\u00e9es personnelles ?<\/b><\/h2>\n<p><span style=\"font-weight: 400;\">Afin d&#8217;assurer la protection de votre s\u00e9curit\u00e9, nous utilisons un protocole strict pour transmettre des renseignements personnels dans notre syst\u00e8me.<\/span><\/p>\n<p><span style=\"font-weight: 400;\">Toutes les donn\u00e9es stock\u00e9es dans notre syst\u00e8me sont bien s\u00e9curis\u00e9es et ne sont accessibles qu&#8217;\u00e0 nos employ\u00e9s. Nos employ\u00e9s sont li\u00e9s par des accords de confidentialit\u00e9 stricts et une violation de cet accord entra\u00eenerait le licenciement de l&#8217;employ\u00e9.<\/span><\/p>\n<p><span style=\"font-weight: 400;\">Alors que nous prenons toutes les pr\u00e9cautions raisonnables pour nous assurer que nos donn\u00e9es d&#8217;utilisateur sont s\u00e9curis\u00e9es et que les utilisateurs sont prot\u00e9g\u00e9s, il reste toujours du risque de pr\u00e9judice. Internet en sa totalit\u00e9 peut \u00eatre, parfois, peu s\u00fbr et donc nous sommes incapables de garantir la s\u00e9curit\u00e9 des donn\u00e9es des utilisateurs au-del\u00e0 de ce qui est raisonnablement pratique.<\/span><\/p>\n<p><span style=\"font-weight: 400;\">Le RGPD pr\u00e9cise que les personnes de moins de 15 ans sont consid\u00e9r\u00e9es comme des mineurs aux fins de la collecte de donn\u00e9es. Les mineurs doivent avoir le consentement d&#8217;un repr\u00e9sentant l\u00e9gal pour que leurs donn\u00e9es soient recueillies, trait\u00e9es et utilis\u00e9es.<\/span><\/p>\n<h2><b>Vos droits en tant qu&#8217;utilisateur<\/b><\/h2>\n<p><span style=\"font-weight: 400;\">En vertu du RGPD, les utilisateurs ont les droits suivants en tant que personnes concern\u00e9es:<\/span><\/p>\n<ul>\n<li style=\"font-weight: 400;\" aria-level=\"1\"><span style=\"font-weight: 400;\">Droit d&#8217;acc\u00e8s<\/span><\/li>\n<li style=\"font-weight: 400;\" aria-level=\"1\"><span style=\"font-weight: 400;\">Droit de rectification<\/span><\/li>\n<li style=\"font-weight: 400;\" aria-level=\"1\"><span style=\"font-weight: 400;\">Droit \u00e0 l&#8217;effacement<\/span><\/li>\n<li style=\"font-weight: 400;\" aria-level=\"1\"><span style=\"font-weight: 400;\">Droit de restreindre le traitement<\/span><\/li>\n<li style=\"font-weight: 400;\" aria-level=\"1\"><span style=\"font-weight: 400;\">Droit \u00e0 la portabilit\u00e9 des donn\u00e9es<\/span><\/li>\n<li style=\"font-weight: 400;\" aria-level=\"1\"><span style=\"font-weight: 400;\">Droit d&#8217;objection<\/span><\/li>\n<\/ul>\n<p><span style=\"font-weight: 400;\">Vous trouverez de plus amples informations sur ces droits au chapitre 3 (art 12-23) du RGPD.<\/span><\/p>\n<h2><b>Comment modifier, supprimer ou contester les donn\u00e9es recueillies ?<\/b><\/h2>\n<p><span style=\"font-weight: 400;\">Si vous souhaitez que vos renseignements soient supprim\u00e9s ou modifi\u00e9s d&#8217;une fa\u00e7on ou d&#8217;une autre, veuillez communiquer avec l\u2019association :<\/span><\/p>\n<p><span style=\"font-weight: 400;\">\u2013 par courrier \u00e9lectronique aupr\u00e8s de contact@standwithukraineeurope.com<\/span><\/p>\n<p><span style=\"font-weight: 400;\">\u2013 par courrier postal en \u00e9crivant \u00e0 l\u2019adresse suivante :<\/span><\/p>\n<p><span style=\"font-weight: 400;\">Stand with Ukraine<\/span><\/p>\n<p><span style=\"font-weight: 400;\">5 Bis rue du Louvre<\/span><\/p>\n<p><span style=\"font-weight: 400;\">Maison de la Vie Associative et Citoyenne (MVAC)<\/span><\/p>\n<p><span style=\"font-weight: 400;\">75001 Paris<\/span><\/p>\n<h2><b>Modifications<\/b><\/h2>\n<p><span style=\"font-weight: 400;\">Cette politique de confidentialit\u00e9 peut \u00eatre modifi\u00e9e \u00e0 l&#8217;occasion afin de maintenir la conformit\u00e9 avec la loi et de tenir compte de tout changement \u00e0 notre processus de collecte de donn\u00e9es. Nous recommandons \u00e0 nos utilisateurs de v\u00e9rifier notre politique de temps \u00e0 autre pour s&#8217;assurer qu&#8217;ils soient inform\u00e9s de toute mise \u00e0 jour. Au besoin, nous pouvons informer les utilisateurs par courriel des changements apport\u00e9s \u00e0 cette politique.<\/span><\/p>\n<h2><b>Contact<\/b><\/h2>\n<p><span style=\"font-weight: 400;\">Si vous avez des questions \u00e0 nous poser, n&#8217;h\u00e9sitez pas \u00e0 communiquer avec nous en utilisant ce qui suit :<\/span><\/p>\n<p><span style=\"font-weight: 400;\">contact@standwithukraineeurope.com<\/span><\/p>\n<p><span style=\"font-weight: 400;\">Stand with Ukraine<\/span><\/p>\n<p><span style=\"font-weight: 400;\">5 Bis rue du Louvre<\/span><\/p>\n<p><span style=\"font-weight: 400;\">Maison de la Vie Associative et Citoyenne (MVAC)<\/span><\/p>\n<p><span style=\"font-weight: 400;\">75001 Paris<\/span><\/p>\n<p><span style=\"font-weight: 400;\">Date d&#8217;entr\u00e9e en vigueur : le 10\u00a0 f\u00e9vrier\u00a0 2023<\/span><\/p>\n<p><span style=\"font-weight: 400;\">\u00a9StandWithUkraine 2023 &#8211; All Rights Reserved<\/span><\/p>\n","protected":false},"excerpt":{"rendered":"<p>Qui sommes-nous ? L\u2019adresse de notre site est : www.standwithukraineeurope.com Mentions l\u00e9gales Stand with Ukraine Association loi 1901 5 Bis rue du Louvre Maison de la Vie Associative et Citoyenne [&hellip;]<\/p>\n","protected":false},"author":1,"featured_media":0,"parent":0,"menu_order":0,"comment_status":"closed","ping_status":"closed","template":"","meta":{"_acf_changed":false,"footnotes":""},"class_list":["post-612","page","type-page","status-publish","hentry"],"acf":[],"yoast_head":"<!-- This site is optimized with the Yoast SEO plugin v27.1.1 - https:\/\/yoast.com\/product\/yoast-seo-wordpress\/ -->\n<title>Privacy Policy - Stand with Ukraine<\/title>\n<meta name=\"robots\" content=\"index, follow, max-snippet:-1, max-image-preview:large, max-video-preview:-1\" \/>\n<link rel=\"canonical\" href=\"https:\/\/www.standwithukraineeurope.com\/en\/privacy-policy\/\" \/>\n<meta property=\"og:locale\" content=\"en_US\" \/>\n<meta property=\"og:type\" content=\"article\" \/>\n<meta property=\"og:title\" content=\"Privacy Policy - Stand with Ukraine\" \/>\n<meta property=\"og:description\" content=\"Qui sommes-nous ? L\u2019adresse de notre site est : www.standwithukraineeurope.com Mentions l\u00e9gales Stand with Ukraine Association loi 1901 5 Bis rue du Louvre Maison de la Vie Associative et Citoyenne [&hellip;]\" \/>\n<meta property=\"og:url\" content=\"https:\/\/www.standwithukraineeurope.com\/en\/privacy-policy\/\" \/>\n<meta property=\"og:site_name\" content=\"Stand with Ukraine\" \/>\n<meta property=\"article:modified_time\" content=\"2023-03-20T08:45:36+00:00\" \/>\n<meta name=\"twitter:card\" content=\"summary_large_image\" \/>\n<meta name=\"twitter:label1\" content=\"Est. reading time\" \/>\n\t<meta name=\"twitter:data1\" content=\"7 minutes\" \/>\n<script type=\"application\/ld+json\" class=\"yoast-schema-graph\">{\"@context\":\"https:\/\/schema.org\",\"@graph\":[{\"@type\":\"WebPage\",\"@id\":\"https:\/\/www.standwithukraineeurope.com\/en\/privacy-policy\/\",\"url\":\"https:\/\/www.standwithukraineeurope.com\/en\/privacy-policy\/\",\"name\":\"Privacy Policy - Stand with Ukraine\",\"isPartOf\":{\"@id\":\"https:\/\/www.standwithukraineeurope.com\/en\/#website\"},\"datePublished\":\"2023-02-14T14:10:36+00:00\",\"dateModified\":\"2023-03-20T08:45:36+00:00\",\"inLanguage\":\"en-US\",\"potentialAction\":[{\"@type\":\"ReadAction\",\"target\":[\"https:\/\/www.standwithukraineeurope.com\/en\/privacy-policy\/\"]}]},{\"@type\":\"WebSite\",\"@id\":\"https:\/\/www.standwithukraineeurope.com\/en\/#website\",\"url\":\"https:\/\/www.standwithukraineeurope.com\/en\/\",\"name\":\"Stand with Ukraine\",\"description\":\"Stand with Ukraine\",\"potentialAction\":[{\"@type\":\"SearchAction\",\"target\":{\"@type\":\"EntryPoint\",\"urlTemplate\":\"https:\/\/www.standwithukraineeurope.com\/en\/?s={search_term_string}\"},\"query-input\":{\"@type\":\"PropertyValueSpecification\",\"valueRequired\":true,\"valueName\":\"search_term_string\"}}],\"inLanguage\":\"en-US\"}]}<\/script>\n<!-- \/ Yoast SEO plugin. -->","yoast_head_json":{"title":"Privacy Policy - Stand with Ukraine","robots":{"index":"index","follow":"follow","max-snippet":"max-snippet:-1","max-image-preview":"max-image-preview:large","max-video-preview":"max-video-preview:-1"},"canonical":"https:\/\/www.standwithukraineeurope.com\/en\/privacy-policy\/","og_locale":"en_US","og_type":"article","og_title":"Privacy Policy - Stand with Ukraine","og_description":"Qui sommes-nous ? L\u2019adresse de notre site est : www.standwithukraineeurope.com Mentions l\u00e9gales Stand with Ukraine Association loi 1901 5 Bis rue du Louvre Maison de la Vie Associative et Citoyenne [&hellip;]","og_url":"https:\/\/www.standwithukraineeurope.com\/en\/privacy-policy\/","og_site_name":"Stand with Ukraine","article_modified_time":"2023-03-20T08:45:36+00:00","twitter_card":"summary_large_image","twitter_misc":{"Est. reading time":"7 minutes"},"schema":{"@context":"https:\/\/schema.org","@graph":[{"@type":"WebPage","@id":"https:\/\/www.standwithukraineeurope.com\/en\/privacy-policy\/","url":"https:\/\/www.standwithukraineeurope.com\/en\/privacy-policy\/","name":"Privacy Policy - Stand with Ukraine","isPartOf":{"@id":"https:\/\/www.standwithukraineeurope.com\/en\/#website"},"datePublished":"2023-02-14T14:10:36+00:00","dateModified":"2023-03-20T08:45:36+00:00","inLanguage":"en-US","potentialAction":[{"@type":"ReadAction","target":["https:\/\/www.standwithukraineeurope.com\/en\/privacy-policy\/"]}]},{"@type":"WebSite","@id":"https:\/\/www.standwithukraineeurope.com\/en\/#website","url":"https:\/\/www.standwithukraineeurope.com\/en\/","name":"Stand with Ukraine","description":"Stand with Ukraine","potentialAction":[{"@type":"SearchAction","target":{"@type":"EntryPoint","urlTemplate":"https:\/\/www.standwithukraineeurope.com\/en\/?s={search_term_string}"},"query-input":{"@type":"PropertyValueSpecification","valueRequired":true,"valueName":"search_term_string"}}],"inLanguage":"en-US"}]}},"_links":{"self":[{"href":"https:\/\/www.standwithukraineeurope.com\/en\/wp-json\/wp\/v2\/pages\/612","targetHints":{"allow":["GET"]}}],"collection":[{"href":"https:\/\/www.standwithukraineeurope.com\/en\/wp-json\/wp\/v2\/pages"}],"about":[{"href":"https:\/\/www.standwithukraineeurope.com\/en\/wp-json\/wp\/v2\/types\/page"}],"author":[{"embeddable":true,"href":"https:\/\/www.standwithukraineeurope.com\/en\/wp-json\/wp\/v2\/users\/1"}],"replies":[{"embeddable":true,"href":"https:\/\/www.standwithukraineeurope.com\/en\/wp-json\/wp\/v2\/comments?post=612"}],"version-history":[{"count":1,"href":"https:\/\/www.standwithukraineeurope.com\/en\/wp-json\/wp\/v2\/pages\/612\/revisions"}],"predecessor-version":[{"id":613,"href":"https:\/\/www.standwithukraineeurope.com\/en\/wp-json\/wp\/v2\/pages\/612\/revisions\/613"}],"wp:attachment":[{"href":"https:\/\/www.standwithukraineeurope.com\/en\/wp-json\/wp\/v2\/media?parent=612"}],"curies":[{"name":"wp","href":"https:\/\/api.w.org\/{rel}","templated":true}]}}